{"id":122,"date":"2012-09-28T13:52:41","date_gmt":"2012-09-28T11:52:41","guid":{"rendered":"http:\/\/www.of-zwischenwasser.at\/?page_id=122"},"modified":"2026-03-11T22:52:17","modified_gmt":"2026-03-11T21:52:17","slug":"geratehaus","status":"publish","type":"page","link":"https:\/\/www.of-zwischenwasser.at\/?page_id=122","title":{"rendered":"Ger\u00e4tehaus"},"content":{"rendered":"<h1>Ger\u00e4tehaus Muntlix:<\/h1>\n<p><img loading=\"lazy\" decoding=\"async\" title=\"Ger\u00e4tehaus Muntlix\" src=\"\/wp-content\/uploads\/geraetehaus\/muntlix.jpg\" alt=\"Ger\u00e4tehaus Muntlix\" width=\"400\" height=\"300\" \/><\/p>\n<p>Das Ger\u00e4tehaus in Muntlix ist die &#8222;Zentrale&#8220; der OF-Zwischenwasser. Hier laufen alle F\u00e4den zusammen. Ausger\u00fcstet mit 4 Fahrzeugen, Florian, Werkstatt, Kammeradschaftsraum und vielen weiteren Einrichtungen, ist das Ger\u00e4tehaus Anlaufstelle f\u00fcr 23 aktive Wehrm\u00e4nner und Frauen sowie Tags\u00fcber f\u00fcr einige Berufst\u00e4tige Kammeraden aus Dafins und Batschuns.<\/p>\n<p>Aufgrund des weitl\u00e4ufigen Einsatzgebiets, besitzt die OF-Zwischenwasser zwei weitere St\u00fctzpunkte in den Bergd\u00f6rfern Batschuns und Dafins. Diese dienen zur raschen Bereitstellung von Ausr\u00fcstung und Ger\u00e4ten, und erm\u00f6glichen in kurzer Zeit eine Einsatzbereite Mannschaft bereitzustellen. Diese kann Rettungen durchf\u00fchren oder erste L\u00f6schma\u00dfnahmen einleiten bis Unterst\u00fctzung aus den anderen St\u00fctzpunkten und evtl. auch Nachbarwehren eintreffen.<\/p>\n<h1>Ger\u00e4tehaus Batschuns:<\/h1>\n<p><img loading=\"lazy\" decoding=\"async\" title=\"Ger\u00e4tehaus Batschuns\" src=\"\/wp-content\/uploads\/geraetehaus\/batschuns.jpg\" alt=\"Ger\u00e4tehaus Batschuns\" width=\"400\" height=\"300\" \/><br \/>\nAusger\u00fcstet mit einem &#8222;Kleinl\u00f6schfahrzeug&#8220;, ist der St\u00fctzpunkt Batschuns Anlaufstelle f\u00fcr 21 aktive Wehrm\u00e4nner und Frauen.<\/p>\n<h1>Ger\u00e4tehaus Dafins:<\/h1>\n<p><img loading=\"lazy\" decoding=\"async\" title=\"Ger\u00e4tehaus Dafins\" src=\"\/wp-content\/uploads\/geraetehaus\/dafins.jpg\" alt=\"Ger\u00e4tehaus Dafins\" width=\"400\" height=\"300\" \/><br \/>\nMit der Errichtung im Jahr 2005 bildet der St\u00fctzpunkt Dafins die j\u00fcngste Einrichtung der OF-Zwischenwasser. Ausger\u00fcstet mit einem &#8222;Kleinr\u00fcstfahrzeug&#8220; ist es die Anlaufstelle f\u00fcr 14 Wehrm\u00e4nner.<\/p>\n","protected":false},"excerpt":{"rendered":"<p>Ger\u00e4tehaus Muntlix: Das Ger\u00e4tehaus in Muntlix ist die &#8222;Zentrale&#8220; der OF-Zwischenwasser. Hier laufen alle F\u00e4den zusammen. Ausger\u00fcstet mit 4 Fahrzeugen, Florian, Werkstatt, Kammeradschaftsraum und vielen weiteren Einrichtungen, ist das Ger\u00e4tehaus Anlaufstelle f\u00fcr 23 aktive Wehrm\u00e4nner und Frauen sowie Tags\u00fcber f\u00fcr &hellip; <a href=\"https:\/\/www.of-zwischenwasser.at\/?page_id=122\">Weiterlesen <span class=\"meta-nav\">&rarr;<\/span><\/a><\/p>\n","protected":false},"author":1,"featured_media":0,"parent":7,"menu_order":2,"comment_status":"closed","ping_status":"closed","template":"","meta":{"footnotes":""},"class_list":["post-122","page","type-page","status-publish","hentry"],"_links":{"self":[{"href":"https:\/\/www.of-zwischenwasser.at\/index.php?rest_route=\/wp\/v2\/pages\/122","targetHints":{"allow":["GET"]}}],"collection":[{"href":"https:\/\/www.of-zwischenwasser.at\/index.php?rest_route=\/wp\/v2\/pages"}],"about":[{"href":"https:\/\/www.of-zwischenwasser.at\/index.php?rest_route=\/wp\/v2\/types\/page"}],"author":[{"embeddable":true,"href":"https:\/\/www.of-zwischenwasser.at\/index.php?rest_route=\/wp\/v2\/users\/1"}],"replies":[{"embeddable":true,"href":"https:\/\/www.of-zwischenwasser.at\/index.php?rest_route=%2Fwp%2Fv2%2Fcomments&post=122"}],"version-history":[{"count":8,"href":"https:\/\/www.of-zwischenwasser.at\/index.php?rest_route=\/wp\/v2\/pages\/122\/revisions"}],"predecessor-version":[{"id":5784,"href":"https:\/\/www.of-zwischenwasser.at\/index.php?rest_route=\/wp\/v2\/pages\/122\/revisions\/5784"}],"up":[{"embeddable":true,"href":"https:\/\/www.of-zwischenwasser.at\/index.php?rest_route=\/wp\/v2\/pages\/7"}],"wp:attachment":[{"href":"https:\/\/www.of-zwischenwasser.at\/index.php?rest_route=%2Fwp%2Fv2%2Fmedia&parent=122"}],"curies":[{"name":"wp","href":"https:\/\/api.w.org\/{rel}","templated":true}]}}