{"id":1920,"date":"2016-01-02T14:16:00","date_gmt":"2016-01-02T13:16:00","guid":{"rendered":"http:\/\/www.of-zwischenwasser.at\/?page_id=1920"},"modified":"2016-01-02T14:16:14","modified_gmt":"2016-01-02T13:16:14","slug":"einsaetze","status":"publish","type":"page","link":"https:\/\/www.of-zwischenwasser.at\/?page_id=1920","title":{"rendered":"Eins\u00e4tze 2015"},"content":{"rendered":"<p>Hier finden Sie eine \u00dcbersicht der Eins\u00e4tze aus dem Jahr 2015:<\/p>\n<table width=\"95%\">\n<tbody>\n<tr>\n<td width=\"5%\"><strong>Nr.:<\/strong><\/td>\n<td width=\"29%\"><strong>Alarmierungszeitpunkt:<\/strong><\/td>\n<td width=\"74%\"><strong>Pagermeldung:<\/strong><\/td>\n<\/tr>\n<tr>\n<td width=\"5%\">18<\/td>\n<td width=\"29%\">26.09.2015 17:50<\/td>\n<td width=\"74%\"><a title=\"Details zu diesem Einsatz\" href=\"?p=1863\">f3 Rankweil Michl-Rheinberger-Stra\u00dfe 2 Feuerwehrhaus Interne Brandmeldeanlage hat ausgel\u00f6st<\/a><\/td>\n<\/tr>\n<tr>\n<td width=\"5%\">17<\/td>\n<td width=\"29%\">25.09.2015 17:25<\/td>\n<td width=\"74%\"><a title=\"Details zu diesem Einsatz\" href=\"?p=1861\">f2 Rankweil Habsburgerstra\u00dfe 29 \u00d6lbindemittel wird ben\u00f6tigt \u2013 Aufr\u00e4umarbeiten nach v.u.<\/a><\/td>\n<\/tr>\n<tr>\n<td width=\"5%\">16<\/td>\n<td width=\"29%\">25.09.2015 09:51<\/td>\n<td width=\"74%\"><a title=\"Details zu diesem Einsatz\" href=\"?p=1850\">f14 Rankweil Am Damm 6 BMZ Hahn Nutzfahrzeuge Rankweil bmz hat ausgel\u00f6st<\/a><\/td>\n<\/tr>\n<tr>\n<td width=\"5%\">15<\/td>\n<td width=\"29%\">24.08.2015 18:01<\/td>\n<td width=\"74%\"><a title=\"Details zu diesem Einsatz\" href=\"?p=1843\">f20 Dafins Lindenbodenweg 2 Alte Sennerei [Insekten-Einsatz] Wespennest<\/a><\/td>\n<\/tr>\n<tr>\n<td width=\"5%\">14<\/td>\n<td width=\"29%\">12.08.2015 19:25<\/td>\n<td width=\"74%\"><a title=\"Details zu diesem Einsatz\" href=\"?p=1838\">f20 Batschuns Laternser Stra\u00dfe xx [Wespennest]<\/a><\/td>\n<\/tr>\n<tr>\n<td width=\"5%\">13<\/td>\n<td width=\"29%\">05.08.2015 19:59<\/td>\n<td width=\"74%\"><a title=\"Details zu diesem Einsatz\" href=\"?p=1834\">f20 Muntlix Eschenrain xx Wespennest \u2013 bei xxx<\/a><\/td>\n<\/tr>\n<tr>\n<td width=\"5%\">12<\/td>\n<td width=\"29%\">27.07.2015 11:19<\/td>\n<td width=\"74%\"><a title=\"Details zu diesem Einsatz\" href=\"?p=1831\">f1 Batschuns Kapfstra\u00dfe 3 LH Wohneinrichtung kleine manschaft, wasser im Keller<\/a><\/td>\n<\/tr>\n<tr>\n<td width=\"5%\">11<\/td>\n<td width=\"29%\">22.07.2015 09:04<\/td>\n<td width=\"74%\"><a title=\"Details zu diesem Einsatz\" href=\"?p=1823\">f20 Muntlix Eschenrain xx [Insekten-Einsatz] Mannschaft vor Ort.<\/a><\/td>\n<\/tr>\n<tr>\n<td width=\"5%\">10<\/td>\n<td width=\"29%\">17.07.2015 20:02<\/td>\n<td width=\"74%\"><a title=\"Details zu diesem Einsatz\" href=\"?p=1818\">f20 Dafins Unterberg xx [Insekten Einsatz]<\/a><\/td>\n<\/tr>\n<tr>\n<td width=\"5%\">09<\/td>\n<td width=\"29%\">14.07.2015 20:34<\/td>\n<td width=\"74%\"><a title=\"Details zu diesem Einsatz\" href=\"?p=1827\">f20 Muntlix Stegstra\u00dfe xx Insekteneinsatz<\/a><\/td>\n<\/tr>\n<tr>\n<td width=\"5%\">08<\/td>\n<td width=\"29%\">14.06.2015 16:10<\/td>\n<td width=\"74%\"><a title=\"Details zu diesem Einsatz\" href=\"?p=1803\">f1 Muntlix Krista xx, Assistenzeinsatz f\u00fcr die WG Muntlix &gt; Hausanschluss sp\u00fclen<\/a><\/td>\n<\/tr>\n<tr>\n<td width=\"5%\">07<\/td>\n<td width=\"29%\">03.06.2015 10:51<\/td>\n<td width=\"74%\"><a title=\"Details zu diesem Einsatz\" href=\"?p=1802\">f1 r1 Dafins Birket XX nach traktorunfall &gt; \u00d6lbindemittel wird ben\u00f6tigt<\/a><\/td>\n<\/tr>\n<tr>\n<td width=\"5%\">06<\/td>\n<td width=\"29%\">02.06.2015 21:15<\/td>\n<td width=\"74%\"><a title=\"Details zu diesem Einsatz\" href=\"?p=1791\">f3 r1 Weiler Herrengasse xx Starke Rauchentwicklung<\/a><\/td>\n<\/tr>\n<tr>\n<td width=\"5%\">05<\/td>\n<td width=\"29%\">25.04.2015 13:36<\/td>\n<td width=\"74%\"><a title=\"Details zu diesem Einsatz\" href=\"?p=1782\">f3 r1 Muntlix Daliebis bei xxx &gt; Wiesenbrand<\/a><\/td>\n<\/tr>\n<tr>\n<td width=\"5%\">04<\/td>\n<td width=\"29%\">01.04.2015 16:52<\/td>\n<td width=\"74%\"><a title=\"Details zu diesem Einsatz\" href=\"?p=1753\">f1 Muntlix An der Frutz 1 Rueff Textildruck Sachg\u00fcterbergung aus der Frutz, Mannschaft vor Ort<\/a><\/td>\n<\/tr>\n<tr>\n<td width=\"5%\">03<\/td>\n<td width=\"29%\">19.03.2015 14:00<\/td>\n<td width=\"74%\"><a title=\"Details zu diesem Einsatz\" href=\"?p=1686\">f1 Batschuns Schafkopf xx Gr\u00f6\u00dfere \u00d6lflecken &gt; Bindemittel wird ben\u00f6tigt<\/a><\/td>\n<\/tr>\n<tr>\n<td width=\"5%\">02<\/td>\n<td width=\"29%\">13.02.2015 17:10<\/td>\n<td width=\"74%\"><a title=\"Details zu diesem Einsatz\" href=\"?p=1676\">f1 Muntlix Im Feld xx im x. OG [TECHN.EINSATZ-Wasser] Geb\u00e4ude bedroht\/betroffen<\/a><\/td>\n<\/tr>\n<tr>\n<td width=\"5%\">01<\/td>\n<td width=\"29%\">07.02.2015 14:34<\/td>\n<td width=\"74%\"><a title=\"Details zu diesem Einsatz\" href=\"?p=1652\">f1 Batschuns Gasthof Peterhof Eiszapfen am Dach entfernen<\/a><\/td>\n<\/tr>\n<\/tbody>\n<\/table>\n","protected":false},"excerpt":{"rendered":"<p>Hier finden Sie eine \u00dcbersicht der Eins\u00e4tze aus dem Jahr 2015: Nr.: Alarmierungszeitpunkt: Pagermeldung: 18 26.09.2015 17:50 f3 Rankweil Michl-Rheinberger-Stra\u00dfe 2 Feuerwehrhaus Interne Brandmeldeanlage hat ausgel\u00f6st 17 25.09.2015 17:25 f2 Rankweil Habsburgerstra\u00dfe 29 \u00d6lbindemittel wird ben\u00f6tigt \u2013 Aufr\u00e4umarbeiten nach v.u. &hellip; <a href=\"https:\/\/www.of-zwischenwasser.at\/?page_id=1920\">Weiterlesen <span class=\"meta-nav\">&rarr;<\/span><\/a><\/p>\n","protected":false},"author":1,"featured_media":0,"parent":1659,"menu_order":0,"comment_status":"closed","ping_status":"closed","template":"","meta":{"footnotes":""},"class_list":["post-1920","page","type-page","status-publish","hentry"],"_links":{"self":[{"href":"https:\/\/www.of-zwischenwasser.at\/index.php?rest_route=\/wp\/v2\/pages\/1920","targetHints":{"allow":["GET"]}}],"collection":[{"href":"https:\/\/www.of-zwischenwasser.at\/index.php?rest_route=\/wp\/v2\/pages"}],"about":[{"href":"https:\/\/www.of-zwischenwasser.at\/index.php?rest_route=\/wp\/v2\/types\/page"}],"author":[{"embeddable":true,"href":"https:\/\/www.of-zwischenwasser.at\/index.php?rest_route=\/wp\/v2\/users\/1"}],"replies":[{"embeddable":true,"href":"https:\/\/www.of-zwischenwasser.at\/index.php?rest_route=%2Fwp%2Fv2%2Fcomments&post=1920"}],"version-history":[{"count":2,"href":"https:\/\/www.of-zwischenwasser.at\/index.php?rest_route=\/wp\/v2\/pages\/1920\/revisions"}],"predecessor-version":[{"id":1922,"href":"https:\/\/www.of-zwischenwasser.at\/index.php?rest_route=\/wp\/v2\/pages\/1920\/revisions\/1922"}],"up":[{"embeddable":true,"href":"https:\/\/www.of-zwischenwasser.at\/index.php?rest_route=\/wp\/v2\/pages\/1659"}],"wp:attachment":[{"href":"https:\/\/www.of-zwischenwasser.at\/index.php?rest_route=%2Fwp%2Fv2%2Fmedia&parent=1920"}],"curies":[{"name":"wp","href":"https:\/\/api.w.org\/{rel}","templated":true}]}}