{"id":2255,"date":"2017-01-13T23:42:02","date_gmt":"2017-01-13T22:42:02","guid":{"rendered":"http:\/\/www.of-zwischenwasser.at\/?page_id=2255"},"modified":"2018-01-04T11:05:24","modified_gmt":"2018-01-04T10:05:24","slug":"einsaetze-2016","status":"publish","type":"page","link":"https:\/\/www.of-zwischenwasser.at\/?page_id=2255","title":{"rendered":"Eins\u00e4tze 2016"},"content":{"rendered":"<p>Hier finden Sie eine \u00dcbersicht der Eins\u00e4tze aus dem Jahr 2016:<\/p>\n<table width=\"95%\">\n<tbody>\n<tr>\n<td width=\"5%\"><strong>Nr.:<\/strong><\/td>\n<td width=\"29%\"><strong>Alarmierungszeitpunkt:<\/strong><\/td>\n<td width=\"74%\"><strong>Pagermeldung:<\/strong><\/td>\n<\/tr>\n<tr>\n<td width=\"5%\">26<\/td>\n<td width=\"29%\">17.11.2016 01:37<\/td>\n<td width=\"74%\"><a title=\"Details zu diesem Einsatz\" href=\"?p=2221\">f4 r3 Zwischenwass MUNTLIX HAUPTSTRA\u00dfE xx geb\u00e4ude stark verraucht > mehrere personen im geb\u00e4ude (kommen nicht mehr heraus)<\/a><\/td>\n<\/tr>\n<tr>\n<td width=\"5%\">25<\/td>\n<td width=\"29%\">06.11.2016 13:50<\/td>\n<td width=\"74%\"><a title=\"Details zu diesem Einsatz\" href=\"?p=2210\">f1 ZWISCHENWASS BATSCHUNS L51 LATERNSER STRA\u00dfE nach Schwarze R\u00fcfe Tunnel [TECHN.EINSATZ] Baum verlegt Stra\u00dfe<\/a><\/td>\n<\/tr>\n<tr>\n<td width=\"5%\">24<\/td>\n<td width=\"29%\">28.10.2016 12:38<\/td>\n<td width=\"74%\"><a title=\"Details zu diesem Einsatz\" href=\"?p=2202\">Assistenzeinsatz WG Muntlix &#8211; neuen Hochbeh\u00e4lter f\u00fcr Dichtheitsprobe mit Wasser f\u00fcllen<\/a><\/td>\n<\/tr>\n<tr>\n<td width=\"5%\">23<\/td>\n<td width=\"29%\">26.08.2016 14:02<\/td>\n<td width=\"74%\"><a title=\"Details zu diesem Einsatz\" href=\"?p=2183\">f1 ZWISCHENWASS MUNTLIX ENGELBR\u00dcCKE VUS &gt; [TECHN.EINSATZ] verschmutzte Fahrbahn &gt; Polizei vor Ort<\/a><\/td>\n<\/tr>\n<tr>\n<td width=\"5%\">22<\/td>\n<td width=\"29%\">16.09.2016 11:20<\/td>\n<td width=\"74%\">f1 ZWISCHENWASS BATSCHUNS Kirchstrasse xx (Tierrettung) Katze &gt; Einsatz wurde storniert und von OF Rankweil \u00fcbernommen<\/td>\n<\/tr>\n<tr>\n<td width=\"5%\">21<\/td>\n<td width=\"29%\">26.08.2016 14:02<\/td>\n<td width=\"74%\"><a title=\"Details zu diesem Einsatz\" href=\"?p=2182\">f2 ZWISCHENWASS DAFINS MADLENS xx &gt; \u00fcberhitzter heustock<\/a><\/td>\n<\/tr>\n<tr>\n<td width=\"5%\">20<\/td>\n<td width=\"29%\">18.08.2016 02:10<\/td>\n<td width=\"74%\"><a title=\"Details zu diesem Einsatz\" href=\"?p=2173\">f4 r2 RANKWEIL TREIETSTRA\u00dfE xx MATHIS BRENNSTOFFE gegen\u00fcber &gt; Haus in Vollbrand \u2013 vermutlich Personen im Geb\u00e4ude<\/a><\/td>\n<\/tr>\n<tr>\n<td width=\"5%\">19<\/td>\n<td width=\"29%\">24.07.2016 01:56<\/td>\n<td width=\"74%\"><a title=\"Details zu diesem Einsatz\" href=\"?p=2168\">f2 ZWISCHENWASS BATSCHUNS L51 LATERNSER STRA\u00dfE PKW liegt auf der Seite &gt; Kein Lenker vor Ort.<\/a><\/td>\n<\/tr>\n<tr>\n<td width=\"5%\">18<\/td>\n<td width=\"29%\">11.07.2016 08:50<\/td>\n<td width=\"74%\"><a title=\"Details zu diesem Einsatz\" href=\"?p=2141\">f1 ZWISCHENWASS BATSCHUNS DALIEBIS XX Abkl\u00e4rung Heustock\u00fcberhitzung<br \/>\n<\/a><\/td>\n<\/tr>\n<tr>\n<td width=\"5%\">17<\/td>\n<td width=\"29%\">09.07.2016 10:13<\/td>\n<td width=\"74%\"><a title=\"Details zu diesem Einsatz\" href=\"?p=2153\">f2 r1 ZWISCHENWASS BATSCHUNS laternserstra\u00dfe blankentunnel vu \u2013 2 personen mit kopfverlz \u2013 ansprechbar<br \/>\n<\/a><\/td>\n<\/tr>\n<tr>\n<td width=\"5%\">16<\/td>\n<td width=\"29%\">15.06.2016 16:19<\/td>\n<td width=\"74%\"><a title=\"Details zu diesem Einsatz\" href=\"?p=2135\">f2 f11,r ZWISCHENWASS BATSCHUNS SCHMALZGASSE XX a.u. sturz vom Heustock 3m &gt; Oberschenkelverl. &gt; wach\/ansprechbar<br \/>\n<\/a><\/td>\n<\/tr>\n<tr>\n<td width=\"5%\">15<\/td>\n<td width=\"29%\">06.06.2016 09:23<\/td>\n<td width=\"74%\"><a title=\"Details zu diesem Einsatz\" href=\"?p=2127\">f2 r1 ZWISCHENWASS BATSCHUNS LATERNSER STRA\u00dfE XX t\u00fcr\u00f6ffnung erforderlich &gt; unklarer notfall<\/a><\/td>\n<\/tr>\n<tr>\n<td width=\"5%\">14<\/td>\n<td width=\"29%\">06.06.2016 08:47<\/td>\n<td width=\"74%\"><a title=\"Details zu diesem Einsatz\" href=\"?p=2125\">f2 r1 ZWISCHENWASS DAFINS OBERBERG 1 KIRCHE Baustelle 20m vor der kirche &gt; bagger \u00fcberschlagen &gt; 1 verl.<\/a><\/td>\n<\/tr>\n<tr>\n<td width=\"5%\">13<\/td>\n<td width=\"29%\">24.05.2016 21:03<\/td>\n<td width=\"74%\"><a title=\"Details zu diesem Einsatz\" href=\"?p=2111\">f1 ZWISCHENWASS MUNTLIX OBERE GASSE XX Nachkontrolle beim \u00d6lofen<\/a><\/td>\n<\/tr>\n<tr>\n<td width=\"5%\">12<\/td>\n<td width=\"29%\">19.05.2016 11:29<\/td>\n<td width=\"74%\"><a title=\"Details zu diesem Einsatz\" href=\"?p=2105\">f2 ZWISCHENWASS BATSCHUNS BUCHWALD 20 pkw droht \u00fcber strasse abzurutschen \u2013 polizei vor ort<\/a><\/td>\n<\/tr>\n<tr>\n<td width=\"5%\">11<\/td>\n<td width=\"29%\">18.05.2016 13:28<\/td>\n<td width=\"74%\"><a title=\"Details zu diesem Einsatz\" href=\"?p=2096\">f1 ZWISCHENWASS BATSCHUNS WENGEN 4 bei XXX &gt; Kuhbergung<\/a><\/td>\n<\/tr>\n<tr>\n<td width=\"5%\">10<\/td>\n<td width=\"29%\">15.05.2016 13:57<\/td>\n<td width=\"74%\"><a title=\"Details zu diesem Einsatz\" href=\"?p=2089\">f2 ZWISCHENWASS BATSCHUNS G\u00dcTERWEG ri. suldis im Wald &gt; gr\u00f6ssere \u00d6lspur<\/a><\/td>\n<\/tr>\n<tr>\n<td width=\"5%\">09<\/td>\n<td width=\"29%\">14.05.2016 10:06<\/td>\n<td width=\"74%\"><a title=\"Details zu diesem Einsatz\" href=\"?p=2082\">f2 ZWISCHENWASS BATSCHUNS SULDIS 57 bei Schechle &gt; Schulerbach geht \u00fcber &gt; Wohnhaus bedroht<\/a><\/td>\n<\/tr>\n<tr>\n<td width=\"5%\">08<\/td>\n<td width=\"29%\">04.05.2016 20:03<\/td>\n<td width=\"74%\"><a title=\"Details zu diesem Einsatz\" href=\"?p=2072\">f2 ZWISCHENWASS ZWISCHENWASSER BUCHEBRUNNE SENNEWIES 1 Haus Hammerer-Kaspar &gt; gasgeruch wahrnehmbar (Fl\u00fcssiggasanlage)<\/a><\/td>\n<\/tr>\n<tr>\n<td width=\"5%\">07<\/td>\n<td width=\"29%\">21.04.2016 22:46<\/td>\n<td width=\"74%\"><a title=\"Details zu diesem Einsatz\" href=\"?p=2065\">f3 r1 ZWISCHENWASS BATSCHUNS LATERNSER STRA\u00dfE 42 FL\u00dcCHTLINGSUNTERKUNFT Interne Brandmeldeanlage hat ausgel\u00f6st &gt; lt. XXX (Caritas)<\/a><\/td>\n<\/tr>\n<tr>\n<td width=\"5%\">06<\/td>\n<td width=\"29%\">03.04.2016 14:53<\/td>\n<td width=\"74%\"><a title=\"Details zu diesem Einsatz\" href=\"?p=2037\">f2 ZWISCHENWASS MUNTLIX FIDELISGASSE 8 gr\u00fcnm\u00fclldeponie brennt<\/a><\/td>\n<\/tr>\n<tr>\n<td width=\"5%\">05<\/td>\n<td width=\"29%\">30.03.2016 12:56<\/td>\n<td width=\"74%\"><a title=\"Details zu diesem Einsatz\" href=\"?p=2034\">f1 ZWISCHENWASS BATSCHUNS KAPFSTRA\u00dfE 3 LH WOHNEINRICHTUNGEN Person in Lift eingeschlossen<\/a><\/td>\n<\/tr>\n<tr>\n<td width=\"5%\">04<\/td>\n<td width=\"29%\">25.03.2016 11:47<\/td>\n<td width=\"74%\"><a title=\"Details zu diesem Einsatz\" href=\"?p=1955\">f1 ZWISCHENWASS MUNTLIX ARKENSTRA\u00dfE 67 S FIROBAT (ARKAH\u00dcSLE) Richtung Batschuns &gt; \u00d6lspur<\/a><\/td>\n<\/tr>\n<tr>\n<td width=\"5%\">03<\/td>\n<td width=\"29%\">12.03.2016 11:03<\/td>\n<td width=\"74%\"><a title=\"Details zu diesem Einsatz\" href=\"?p=1951\">f2 r1 ZWISCHENWASS BATSCHUNS SULDIS 50 WOHNANLAGE SULDIS Medizinischer Notfall vermutet &gt; T\u00fcr\u00f6ffnung erforderlich<\/a><\/td>\n<\/tr>\n<tr>\n<td width=\"5%\">02<\/td>\n<td width=\"29%\">01.03.2016 15:19<\/td>\n<td width=\"74%\"><a title=\"Details zu diesem Einsatz\" href=\"?p=1932\">f1 ZWISCHENWASS BATSCHUNS SULDIS 50 WOHNANLAGE SULDIS \u00d6l auf dem Parkplatz &#8211; Bindemittel wird ben\u00f6tigt<\/a><\/td>\n<\/tr>\n<tr>\n<td width=\"5%\">01<\/td>\n<td width=\"29%\">14.01.2016 15:43<\/td>\n<td width=\"74%\"><a title=\"Details zu diesem Einsatz\" href=\"?p=1871\">f1 ZWISCHENWASS MUNTLIX FIDELISGASSE 1 KINDERGARTEN MUNTLIX wasser im keller<\/a><\/td>\n<\/tr>\n<\/tbody>\n<\/table>\n","protected":false},"excerpt":{"rendered":"<p>Hier finden Sie eine \u00dcbersicht der Eins\u00e4tze aus dem Jahr 2016: Nr.: Alarmierungszeitpunkt: Pagermeldung: 26 17.11.2016 01:37 f4 r3 Zwischenwass MUNTLIX HAUPTSTRA\u00dfE xx geb\u00e4ude stark verraucht > mehrere personen im geb\u00e4ude (kommen nicht mehr heraus) 25 06.11.2016 13:50 f1 ZWISCHENWASS &hellip; <a href=\"https:\/\/www.of-zwischenwasser.at\/?page_id=2255\">Weiterlesen <span class=\"meta-nav\">&rarr;<\/span><\/a><\/p>\n","protected":false},"author":1,"featured_media":0,"parent":1659,"menu_order":0,"comment_status":"closed","ping_status":"closed","template":"","meta":{"footnotes":""},"class_list":["post-2255","page","type-page","status-publish","hentry"],"_links":{"self":[{"href":"https:\/\/www.of-zwischenwasser.at\/index.php?rest_route=\/wp\/v2\/pages\/2255","targetHints":{"allow":["GET"]}}],"collection":[{"href":"https:\/\/www.of-zwischenwasser.at\/index.php?rest_route=\/wp\/v2\/pages"}],"about":[{"href":"https:\/\/www.of-zwischenwasser.at\/index.php?rest_route=\/wp\/v2\/types\/page"}],"author":[{"embeddable":true,"href":"https:\/\/www.of-zwischenwasser.at\/index.php?rest_route=\/wp\/v2\/users\/1"}],"replies":[{"embeddable":true,"href":"https:\/\/www.of-zwischenwasser.at\/index.php?rest_route=%2Fwp%2Fv2%2Fcomments&post=2255"}],"version-history":[{"count":2,"href":"https:\/\/www.of-zwischenwasser.at\/index.php?rest_route=\/wp\/v2\/pages\/2255\/revisions"}],"predecessor-version":[{"id":2856,"href":"https:\/\/www.of-zwischenwasser.at\/index.php?rest_route=\/wp\/v2\/pages\/2255\/revisions\/2856"}],"up":[{"embeddable":true,"href":"https:\/\/www.of-zwischenwasser.at\/index.php?rest_route=\/wp\/v2\/pages\/1659"}],"wp:attachment":[{"href":"https:\/\/www.of-zwischenwasser.at\/index.php?rest_route=%2Fwp%2Fv2%2Fmedia&parent=2255"}],"curies":[{"name":"wp","href":"https:\/\/api.w.org\/{rel}","templated":true}]}}