{"id":3210,"date":"2018-10-24T20:09:46","date_gmt":"2018-10-24T19:09:46","guid":{"rendered":"http:\/\/www.of-zwischenwasser.at\/?page_id=3210"},"modified":"2019-05-11T13:41:12","modified_gmt":"2019-05-11T12:41:12","slug":"brandsimulationsequipment","status":"publish","type":"page","link":"https:\/\/www.of-zwischenwasser.at\/?page_id=3210","title":{"rendered":"Brandsimulationsequipment"},"content":{"rendered":"<p>Die Feuerwehr Zwischenwasser ist seit kurzem St\u00fctzpunktfeuerwehr f\u00fcr Brandsimulationsequipment. Dabei steht ein leistungsstarker Raucherzeuger vom Typ FireFog zur Verf\u00fcgung. Der Raucherzeuger kann kostenlos ausgeliehen werden. Es werden nur Kosten f\u00fcr die verbrauchte Nebelfl\u00fcssigkeit in Rechnung gestellt.<\/p>\n<p>Des weiteren steht ein \u00dcbungsanh\u00e4nger f\u00fcr gr\u00f6\u00dfere \u00dcbungsszenarien (wie Tunnel\u00fcbungen oder \u00dcbungen in Tiefgaragen) zur Verf\u00fcgung.<\/p>\n<p>Das Equipment kann \u00fcber ein online Formular gebucht bzw. angefragt werden. Wir melden uns bei Ihnen und best\u00e4tigen den Termin nach erfolgreicher Abkl\u00e4rung:<\/p>\n<ul>\n<li><a href=\"https:\/\/of-zwischenwasser.at\/?page_id=3184\">FireFog Raucherzeuger<\/a><\/li>\n<li><a href=\"https:\/\/of-zwischenwasser.at\/?page_id=3177\">\u00dcbungsanh\u00e4nger<\/a><\/li>\n<\/ul>\n\n\n<h2 class=\"wp-block-heading\">\u00dcbungsszenario mit dem H\u00e4nger<\/h2>\n\n\n\n<iframe loading=\"lazy\" width=\"728\" height=\"410\" src=\"https:\/\/www.youtube.com\/embed\/c3o6Fa7W1VY\" frameborder=\"0\" allow=\"accelerometer; autoplay; encrypted-media; gyroscope; picture-in-picture\" allowfullscreen><\/iframe>\n","protected":false},"excerpt":{"rendered":"<p>Die Feuerwehr Zwischenwasser ist seit kurzem St\u00fctzpunktfeuerwehr f\u00fcr Brandsimulationsequipment. Dabei steht ein leistungsstarker Raucherzeuger vom Typ FireFog zur Verf\u00fcgung. Der Raucherzeuger kann kostenlos ausgeliehen werden. Es werden nur Kosten f\u00fcr die verbrauchte Nebelfl\u00fcssigkeit in Rechnung gestellt. Des weiteren steht ein &hellip; <a href=\"https:\/\/www.of-zwischenwasser.at\/?page_id=3210\">Weiterlesen <span class=\"meta-nav\">&rarr;<\/span><\/a><\/p>\n","protected":false},"author":1,"featured_media":0,"parent":0,"menu_order":0,"comment_status":"closed","ping_status":"closed","template":"","meta":{"footnotes":""},"class_list":["post-3210","page","type-page","status-publish","hentry"],"_links":{"self":[{"href":"https:\/\/www.of-zwischenwasser.at\/index.php?rest_route=\/wp\/v2\/pages\/3210","targetHints":{"allow":["GET"]}}],"collection":[{"href":"https:\/\/www.of-zwischenwasser.at\/index.php?rest_route=\/wp\/v2\/pages"}],"about":[{"href":"https:\/\/www.of-zwischenwasser.at\/index.php?rest_route=\/wp\/v2\/types\/page"}],"author":[{"embeddable":true,"href":"https:\/\/www.of-zwischenwasser.at\/index.php?rest_route=\/wp\/v2\/users\/1"}],"replies":[{"embeddable":true,"href":"https:\/\/www.of-zwischenwasser.at\/index.php?rest_route=%2Fwp%2Fv2%2Fcomments&post=3210"}],"version-history":[{"count":4,"href":"https:\/\/www.of-zwischenwasser.at\/index.php?rest_route=\/wp\/v2\/pages\/3210\/revisions"}],"predecessor-version":[{"id":3500,"href":"https:\/\/www.of-zwischenwasser.at\/index.php?rest_route=\/wp\/v2\/pages\/3210\/revisions\/3500"}],"wp:attachment":[{"href":"https:\/\/www.of-zwischenwasser.at\/index.php?rest_route=%2Fwp%2Fv2%2Fmedia&parent=3210"}],"curies":[{"name":"wp","href":"https:\/\/api.w.org\/{rel}","templated":true}]}}