{"id":69,"date":"2012-09-28T10:37:33","date_gmt":"2012-09-28T08:37:33","guid":{"rendered":"http:\/\/www.of-zwischenwasser.at\/?page_id=69"},"modified":"2026-03-11T23:21:40","modified_gmt":"2026-03-11T22:21:40","slug":"jugendfeuerwehr","status":"publish","type":"page","link":"https:\/\/www.of-zwischenwasser.at\/?page_id=69","title":{"rendered":"Feuerwehrjugend"},"content":{"rendered":"\n<figure class=\"wp-block-flexible-table-block-table\"><table class=\"has-fixed-layout\" style=\"width:100%;padding:2px\"><tbody><tr><td style=\"width:25%\"><figure><img loading=\"lazy\" decoding=\"async\" width=\"105\" height=\"135\" src=\"\/wp-content\/uploads\/korpsabzeichen_jugend.jpg\" alt=\"\"><\/figure><\/td><td style=\"vertical-align:top\"><span style=\"color: #ff0000; font-size: 250%; font-weight: bold;\">Feuerwehrjugend<\/span><br><span style=\"color: #ff0000; font-size: 175%; font-weight: bold;\">Ein starkes St\u00fcck Freizeit<\/span><\/td><\/tr><\/tbody><\/table><\/figure>\n\n\n\n<h2 class=\"wp-block-heading\">Gemeinsam sind wir stark<\/h2>\n\n\n\n<p>Feuer stellt schon immer eine gro\u00dfe Gefahr f\u00fcr die Menschheit dar. Die Angst und Machtlosigkeit f\u00fchrte im vorigen Jahrhundert zur Gr\u00fcndung der Feuerwehren. Um dieses Projekt in Gang zu bringen sind jedoch Einsatzwillen, Idealismus und grundlegendes Wissen gefragt.<\/p>\n\n\n\n<p>Du kannst dein K\u00f6nnen bei Leistungsbewerben und Wissenstests unter Beweis stellen, wobei alle die M\u00f6glichkeit haben, Abzeichen zu erhalten und die Besten an internationalen Wettbewerben teilnehmen k\u00f6nnen.<\/p>\n\n\n\n<h2 class=\"wp-block-heading\">Verantwortung tragen<\/h2>\n\n\n\n<p>Dich erwartet eine gute Ausbildung und du lernst die Grundbegriffe der Brandbek\u00e4mpfung, Ger\u00e4tekunde, das Funken, die Erste Hilfe und vieles mehr.<\/p>\n\n\n\n<h2 class=\"wp-block-heading\">Action, Spa\u00df &amp; Spannung<\/h2>\n\n\n\n<p>Unter dem Motto &#8222;Bei uns ist immer etwas los!&#8220; kannst du nach deinem Beitritt in unsere Feuerwehr, an allen Feuerwehrjugendveranstaltungen teilnehmen.<\/p>\n\n\n\n<p>Du lernst viele Leute kennen, bist bei spannenden Sportereignissen dabei, kannst deine Kreativit\u00e4t ausleben und nat\u00fcrlich sind auch tolle Ausfl\u00fcge inbegriffen. Action, Spa\u00df und Spannung werden bei uns gro\u00df geschrieben.<\/p>\n\n\n\n<p>Freundschaftliche Kontakte werden nicht nur national, sondern auch weit \u00fcber die Grenzen geschlossen. Die M\u00f6glichkeit dazu hast du in zahlreichen Treffen und Camps.<\/p>\n\n\n\n<h2 class=\"wp-block-heading\">Bist du dabei?<\/h2>\n\n\n\n<p>Ausbildung wie bei den Profis, Live dabei und helfen lernen f\u00fcr Notf\u00e4lle, Leistungsbewerbe und Wissenstests, zus\u00e4tzlich Spa\u00df und Action ohne Ende!<\/p>\n\n\n\n<ul class=\"wp-block-list\">\n<li>Du bist zwischen 12 und 16 Jahre alt?<\/li>\n\n\n\n<li>Du willst dein Wissen im Dienste der \u00d6ffentlichkeit stellen?<\/li>\n\n\n\n<li>Du hilfst gerne Mitmenschen?<\/li>\n\n\n\n<li>Du arbeitest gerne in einem Team?<\/li>\n\n\n\n<li>Du willst neue Freunde kennenlernen?<\/li>\n\n\n\n<li>Du willst eines der 300.000 \u00f6sterreichischen Feuerwehrmitglieder werden?<\/li>\n<\/ul>\n\n\n\n<p><strong>Dann melde dich bei uns!<\/strong><\/p>\n\n\n\n<h2 class=\"wp-block-heading\">Mitmachen ist angesagt!<\/h2>\n\n\n\n<p>Die Feuerwehren in \u00d6sterreich geh\u00f6ren zu den erfolgreichsten Europas. Doch auch die bestausger\u00fcstete und -ausgebildete Einheit braucht st\u00e4ndig Erneuerung und Nachwuchs, um die geforderten Standards zu erf\u00fcllen.<\/p>\n\n\n\n<p class=\"has-text-align-center\"><strong><span style=\"color: #ff0000; font-size: 175%; font-weight: bold;\">Mach mit bei uns! Wir warten auf dich!<\/span><\/strong><\/p>\n","protected":false},"excerpt":{"rendered":"<p>Gemeinsam sind wir stark Feuer stellt schon immer eine gro\u00dfe Gefahr f\u00fcr die Menschheit dar. Die Angst und Machtlosigkeit f\u00fchrte im vorigen Jahrhundert zur Gr\u00fcndung der Feuerwehren. Um dieses Projekt in Gang zu bringen sind jedoch Einsatzwillen, Idealismus und grundlegendes &hellip; <a href=\"https:\/\/www.of-zwischenwasser.at\/?page_id=69\">Weiterlesen <span class=\"meta-nav\">&rarr;<\/span><\/a><\/p>\n","protected":false},"author":1,"featured_media":0,"parent":0,"menu_order":0,"comment_status":"closed","ping_status":"closed","template":"","meta":{"footnotes":""},"class_list":["post-69","page","type-page","status-publish","hentry"],"_links":{"self":[{"href":"https:\/\/www.of-zwischenwasser.at\/index.php?rest_route=\/wp\/v2\/pages\/69","targetHints":{"allow":["GET"]}}],"collection":[{"href":"https:\/\/www.of-zwischenwasser.at\/index.php?rest_route=\/wp\/v2\/pages"}],"about":[{"href":"https:\/\/www.of-zwischenwasser.at\/index.php?rest_route=\/wp\/v2\/types\/page"}],"author":[{"embeddable":true,"href":"https:\/\/www.of-zwischenwasser.at\/index.php?rest_route=\/wp\/v2\/users\/1"}],"replies":[{"embeddable":true,"href":"https:\/\/www.of-zwischenwasser.at\/index.php?rest_route=%2Fwp%2Fv2%2Fcomments&post=69"}],"version-history":[{"count":17,"href":"https:\/\/www.of-zwischenwasser.at\/index.php?rest_route=\/wp\/v2\/pages\/69\/revisions"}],"predecessor-version":[{"id":5804,"href":"https:\/\/www.of-zwischenwasser.at\/index.php?rest_route=\/wp\/v2\/pages\/69\/revisions\/5804"}],"wp:attachment":[{"href":"https:\/\/www.of-zwischenwasser.at\/index.php?rest_route=%2Fwp%2Fv2%2Fmedia&parent=69"}],"curies":[{"name":"wp","href":"https:\/\/api.w.org\/{rel}","templated":true}]}}