{"id":88,"date":"2012-09-28T11:52:38","date_gmt":"2012-09-28T09:52:38","guid":{"rendered":"http:\/\/www.of-zwischenwasser.at\/?page_id=88"},"modified":"2020-11-21T18:05:53","modified_gmt":"2020-11-21T17:05:53","slug":"klf-a","status":"publish","type":"page","link":"https:\/\/www.of-zwischenwasser.at\/?page_id=88","title":{"rendered":"KLF-A"},"content":{"rendered":"<h1>Kleinl\u00f6schfahrzeug mit Allradantrieb<\/h1>\n<p><strong>Standort:<\/strong>\u00a0Ger\u00e4tehaus Batschuns<strong><br \/>\nMarke:<\/strong>\u00a0Mercedes Sprinter 4&#215;4<br \/>\n<strong>Baujahr:<\/strong>\u00a02000<br \/>\n<strong>Aufbau:<\/strong>\u00a0Fa. Marte, Weiler<br \/>\n<strong>Leistung:<\/strong>\u00a0157 PS<br \/>\n<strong>Funkrufname:<\/strong>\u00a0Zwischenwasser KLF<\/p>\n<p><strong>Ausstattung:<\/strong><\/p>\n<ul>\n<li>Tragkraftspritze TS6,\u00a0Saugschl\u00e4uche<\/li>\n<li>Schlauchmaterial und Strahlrohre, Verteiler, \u00dcbergangsst\u00fccke<\/li>\n<li>2-teilige Schiebeleiter<\/li>\n<li>Absperrmaterial<\/li>\n<li>\u00d6lbindemittel<\/li>\n<li>div. Schanzwerkzeuge (Schaufeln, R\u00fcthauen, Besen, usw.)<\/li>\n<\/ul>\n<p><strong>Einsatzbereiche:<\/strong>\u00a0Brandeins\u00e4tze aller Art, Verkehrsunf\u00e4lle, \u00d6laustritte, Hochwasser- und Sturmeins\u00e4tze<\/p>\n\n\t\t<style type=\"text\/css\">\n\t\t\t#gallery-1 {\n\t\t\t\tmargin: auto;\n\t\t\t}\n\t\t\t#gallery-1 .gallery-item {\n\t\t\t\tfloat: left;\n\t\t\t\tmargin-top: 10px;\n\t\t\t\ttext-align: center;\n\t\t\t\twidth: 33%;\n\t\t\t}\n\t\t\t#gallery-1 img {\n\t\t\t\tborder: 2px solid #cfcfcf;\n\t\t\t}\n\t\t\t#gallery-1 .gallery-caption {\n\t\t\t\tmargin-left: 0;\n\t\t\t}\n\t\t\t\/* see gallery_shortcode() in wp-includes\/media.php *\/\n\t\t<\/style>\n\t\t<div id='gallery-1' class='gallery galleryid-88 gallery-columns-3 gallery-size-thumbnail'><dl class='gallery-item'>\n\t\t\t<dt class='gallery-icon landscape'>\n\t\t\t\t<a href='https:\/\/www.of-zwischenwasser.at\/wp-content\/uploads\/2012\/09\/IMG_3431.jpg'><img loading=\"lazy\" decoding=\"async\" width=\"150\" height=\"150\" src=\"https:\/\/www.of-zwischenwasser.at\/wp-content\/uploads\/2012\/09\/IMG_3431-150x150.jpg\" class=\"attachment-thumbnail size-thumbnail\" alt=\"\" \/><\/a>\n\t\t\t<\/dt><\/dl><dl class='gallery-item'>\n\t\t\t<dt class='gallery-icon landscape'>\n\t\t\t\t<a href='https:\/\/www.of-zwischenwasser.at\/wp-content\/uploads\/2012\/09\/IMG_3433.jpg'><img loading=\"lazy\" decoding=\"async\" width=\"150\" height=\"150\" src=\"https:\/\/www.of-zwischenwasser.at\/wp-content\/uploads\/2012\/09\/IMG_3433-150x150.jpg\" class=\"attachment-thumbnail size-thumbnail\" alt=\"\" \/><\/a>\n\t\t\t<\/dt><\/dl><dl class='gallery-item'>\n\t\t\t<dt class='gallery-icon portrait'>\n\t\t\t\t<a href='https:\/\/www.of-zwischenwasser.at\/wp-content\/uploads\/2012\/09\/IMG_3434.jpg'><img loading=\"lazy\" decoding=\"async\" width=\"150\" height=\"150\" src=\"https:\/\/www.of-zwischenwasser.at\/wp-content\/uploads\/2012\/09\/IMG_3434-150x150.jpg\" class=\"attachment-thumbnail size-thumbnail\" alt=\"\" \/><\/a>\n\t\t\t<\/dt><\/dl><br style=\"clear: both\" \/><dl class='gallery-item'>\n\t\t\t<dt class='gallery-icon portrait'>\n\t\t\t\t<a href='https:\/\/www.of-zwischenwasser.at\/wp-content\/uploads\/2012\/09\/IMG_3435.jpg'><img loading=\"lazy\" decoding=\"async\" width=\"150\" height=\"150\" src=\"https:\/\/www.of-zwischenwasser.at\/wp-content\/uploads\/2012\/09\/IMG_3435-150x150.jpg\" class=\"attachment-thumbnail size-thumbnail\" alt=\"\" \/><\/a>\n\t\t\t<\/dt><\/dl><dl class='gallery-item'>\n\t\t\t<dt class='gallery-icon portrait'>\n\t\t\t\t<a href='https:\/\/www.of-zwischenwasser.at\/wp-content\/uploads\/2012\/09\/IMG_3436.jpg'><img loading=\"lazy\" decoding=\"async\" width=\"150\" height=\"150\" src=\"https:\/\/www.of-zwischenwasser.at\/wp-content\/uploads\/2012\/09\/IMG_3436-150x150.jpg\" class=\"attachment-thumbnail size-thumbnail\" alt=\"\" \/><\/a>\n\t\t\t<\/dt><\/dl><dl class='gallery-item'>\n\t\t\t<dt class='gallery-icon portrait'>\n\t\t\t\t<a href='https:\/\/www.of-zwischenwasser.at\/wp-content\/uploads\/2012\/09\/IMG_3437.jpg'><img loading=\"lazy\" decoding=\"async\" width=\"150\" height=\"150\" src=\"https:\/\/www.of-zwischenwasser.at\/wp-content\/uploads\/2012\/09\/IMG_3437-150x150.jpg\" class=\"attachment-thumbnail size-thumbnail\" alt=\"\" \/><\/a>\n\t\t\t<\/dt><\/dl><br style=\"clear: both\" \/><dl class='gallery-item'>\n\t\t\t<dt class='gallery-icon landscape'>\n\t\t\t\t<a href='https:\/\/www.of-zwischenwasser.at\/wp-content\/uploads\/2012\/09\/DSC04000.jpg'><img loading=\"lazy\" decoding=\"async\" width=\"150\" height=\"150\" src=\"https:\/\/www.of-zwischenwasser.at\/wp-content\/uploads\/2012\/09\/DSC04000-150x150.jpg\" class=\"attachment-thumbnail size-thumbnail\" alt=\"\" \/><\/a>\n\t\t\t<\/dt><\/dl><dl class='gallery-item'>\n\t\t\t<dt class='gallery-icon landscape'>\n\t\t\t\t<a href='https:\/\/www.of-zwischenwasser.at\/wp-content\/uploads\/2012\/09\/DSC03999.jpg'><img loading=\"lazy\" decoding=\"async\" width=\"150\" height=\"150\" src=\"https:\/\/www.of-zwischenwasser.at\/wp-content\/uploads\/2012\/09\/DSC03999-150x150.jpg\" class=\"attachment-thumbnail size-thumbnail\" alt=\"\" \/><\/a>\n\t\t\t<\/dt><\/dl><dl class='gallery-item'>\n\t\t\t<dt class='gallery-icon landscape'>\n\t\t\t\t<a href='https:\/\/www.of-zwischenwasser.at\/wp-content\/uploads\/2012\/09\/DSC03997.jpg'><img loading=\"lazy\" decoding=\"async\" width=\"150\" height=\"150\" src=\"https:\/\/www.of-zwischenwasser.at\/wp-content\/uploads\/2012\/09\/DSC03997-150x150.jpg\" class=\"attachment-thumbnail size-thumbnail\" alt=\"\" \/><\/a>\n\t\t\t<\/dt><\/dl><br style=\"clear: both\" \/><dl class='gallery-item'>\n\t\t\t<dt class='gallery-icon portrait'>\n\t\t\t\t<a href='https:\/\/www.of-zwischenwasser.at\/wp-content\/uploads\/2012\/09\/DSC03994.jpg'><img loading=\"lazy\" decoding=\"async\" width=\"150\" height=\"150\" src=\"https:\/\/www.of-zwischenwasser.at\/wp-content\/uploads\/2012\/09\/DSC03994-150x150.jpg\" class=\"attachment-thumbnail size-thumbnail\" alt=\"\" \/><\/a>\n\t\t\t<\/dt><\/dl><dl class='gallery-item'>\n\t\t\t<dt class='gallery-icon portrait'>\n\t\t\t\t<a href='https:\/\/www.of-zwischenwasser.at\/wp-content\/uploads\/2012\/09\/DSC03992.jpg'><img loading=\"lazy\" decoding=\"async\" width=\"150\" height=\"150\" src=\"https:\/\/www.of-zwischenwasser.at\/wp-content\/uploads\/2012\/09\/DSC03992-150x150.jpg\" class=\"attachment-thumbnail size-thumbnail\" alt=\"\" \/><\/a>\n\t\t\t<\/dt><\/dl><dl class='gallery-item'>\n\t\t\t<dt class='gallery-icon landscape'>\n\t\t\t\t<a href='https:\/\/www.of-zwischenwasser.at\/wp-content\/uploads\/2012\/09\/IMG_3500.jpg'><img loading=\"lazy\" decoding=\"async\" width=\"150\" height=\"150\" src=\"https:\/\/www.of-zwischenwasser.at\/wp-content\/uploads\/2012\/09\/IMG_3500-150x150.jpg\" class=\"attachment-thumbnail size-thumbnail\" alt=\"\" \/><\/a>\n\t\t\t<\/dt><\/dl><br style=\"clear: both\" \/><dl class='gallery-item'>\n\t\t\t<dt class='gallery-icon landscape'>\n\t\t\t\t<a href='https:\/\/www.of-zwischenwasser.at\/wp-content\/uploads\/2012\/09\/IMG_3502.jpg'><img loading=\"lazy\" decoding=\"async\" width=\"150\" height=\"150\" src=\"https:\/\/www.of-zwischenwasser.at\/wp-content\/uploads\/2012\/09\/IMG_3502-150x150.jpg\" class=\"attachment-thumbnail size-thumbnail\" alt=\"\" \/><\/a>\n\t\t\t<\/dt><\/dl><dl class='gallery-item'>\n\t\t\t<dt class='gallery-icon landscape'>\n\t\t\t\t<a href='https:\/\/www.of-zwischenwasser.at\/wp-content\/uploads\/2012\/09\/IMG_3504.jpg'><img loading=\"lazy\" decoding=\"async\" width=\"150\" height=\"150\" src=\"https:\/\/www.of-zwischenwasser.at\/wp-content\/uploads\/2012\/09\/IMG_3504-150x150.jpg\" class=\"attachment-thumbnail size-thumbnail\" alt=\"\" \/><\/a>\n\t\t\t<\/dt><\/dl>\n\t\t\t<br style='clear: both' \/>\n\t\t<\/div>\n\n","protected":false},"excerpt":{"rendered":"<p>Kleinl\u00f6schfahrzeug mit Allradantrieb Standort:\u00a0Ger\u00e4tehaus Batschuns Marke:\u00a0Mercedes Sprinter 4&#215;4 Baujahr:\u00a02000 Aufbau:\u00a0Fa. Marte, Weiler Leistung:\u00a0157 PS Funkrufname:\u00a0Zwischenwasser KLF Ausstattung: Tragkraftspritze TS6,\u00a0Saugschl\u00e4uche Schlauchmaterial und Strahlrohre, Verteiler, \u00dcbergangsst\u00fccke 2-teilige Schiebeleiter Absperrmaterial \u00d6lbindemittel div. Schanzwerkzeuge (Schaufeln, R\u00fcthauen, Besen, usw.) Einsatzbereiche:\u00a0Brandeins\u00e4tze aller Art, Verkehrsunf\u00e4lle, \u00d6laustritte, Hochwasser- &hellip; <a href=\"https:\/\/www.of-zwischenwasser.at\/?page_id=88\">Weiterlesen <span class=\"meta-nav\">&rarr;<\/span><\/a><\/p>\n","protected":false},"author":1,"featured_media":0,"parent":11,"menu_order":2,"comment_status":"closed","ping_status":"closed","template":"","meta":{"footnotes":""},"class_list":["post-88","page","type-page","status-publish","hentry"],"_links":{"self":[{"href":"https:\/\/www.of-zwischenwasser.at\/index.php?rest_route=\/wp\/v2\/pages\/88","targetHints":{"allow":["GET"]}}],"collection":[{"href":"https:\/\/www.of-zwischenwasser.at\/index.php?rest_route=\/wp\/v2\/pages"}],"about":[{"href":"https:\/\/www.of-zwischenwasser.at\/index.php?rest_route=\/wp\/v2\/types\/page"}],"author":[{"embeddable":true,"href":"https:\/\/www.of-zwischenwasser.at\/index.php?rest_route=\/wp\/v2\/users\/1"}],"replies":[{"embeddable":true,"href":"https:\/\/www.of-zwischenwasser.at\/index.php?rest_route=%2Fwp%2Fv2%2Fcomments&post=88"}],"version-history":[{"count":5,"href":"https:\/\/www.of-zwischenwasser.at\/index.php?rest_route=\/wp\/v2\/pages\/88\/revisions"}],"predecessor-version":[{"id":4149,"href":"https:\/\/www.of-zwischenwasser.at\/index.php?rest_route=\/wp\/v2\/pages\/88\/revisions\/4149"}],"up":[{"embeddable":true,"href":"https:\/\/www.of-zwischenwasser.at\/index.php?rest_route=\/wp\/v2\/pages\/11"}],"wp:attachment":[{"href":"https:\/\/www.of-zwischenwasser.at\/index.php?rest_route=%2Fwp%2Fv2%2Fmedia&parent=88"}],"curies":[{"name":"wp","href":"https:\/\/api.w.org\/{rel}","templated":true}]}}