{"id":92,"date":"2012-09-28T11:53:19","date_gmt":"2012-09-28T09:53:19","guid":{"rendered":"http:\/\/www.of-zwischenwasser.at\/?page_id=92"},"modified":"2020-11-21T18:06:09","modified_gmt":"2020-11-21T17:06:09","slug":"lfb-a","status":"publish","type":"page","link":"https:\/\/www.of-zwischenwasser.at\/?page_id=92","title":{"rendered":"LFB-A"},"content":{"rendered":"<h1>L\u00f6schfahrzeug mit Bergeausr\u00fcstung und Allradantrieb<\/h1>\n<p><strong>Standort:<\/strong>\u00a0Ger\u00e4tehaus Muntlix<strong><br \/>\nMarke:\u00a0<\/strong>Mercedes Atego 1528<br \/>\n<strong>Baujahr:<\/strong>\u00a02003<br \/>\n<strong>Aufbau:<\/strong>\u00a0Fa. Marte, Weiler<br \/>\n<strong>Leistung:<\/strong>\u00a0280 PS<br \/>\n<strong>Funkrufname:<\/strong>\u00a0Zwischenwasser LFB<\/p>\n<p><strong>Ausstattung:<\/strong><\/p>\n<ul>\n<li>Tragkraftspritze TS12, A-Saugschl\u00e4uche<\/li>\n<li>Hochleistungsl\u00fcfter<\/li>\n<li>3 Atemschutzger\u00e4te<\/li>\n<li>Stromaggregat<\/li>\n<li>Lichtmast<\/li>\n<li>Rollgliss und Greifzug<\/li>\n<li>Rettungsschlitten<\/li>\n<li>Hebekissensatz<\/li>\n<li>Propanschneidger\u00e4te<\/li>\n<li>2-teilige Schiebeleiter<\/li>\n<li>Steckleiterset<\/li>\n<li>div. Schanzwerkzeuge (Besen, Schaufeln, usw.)<\/li>\n<li>Kettens\u00e4ge<\/li>\n<li>div. Schlauchmaterial, Strahlrohre und Verteiler<\/li>\n<\/ul>\n<p><strong>Einsatzbereiche:<\/strong>\u00a0Brandeins\u00e4tze f\u00fcr Zubringerleitung bzw. L\u00f6schangriff mit TS, Fahrzeugbergungen, Verkehrsunf\u00e4lle, Hochwasser- und Sturmeins\u00e4tze<\/p>\n\n\t\t<style type=\"text\/css\">\n\t\t\t#gallery-1 {\n\t\t\t\tmargin: auto;\n\t\t\t}\n\t\t\t#gallery-1 .gallery-item {\n\t\t\t\tfloat: left;\n\t\t\t\tmargin-top: 10px;\n\t\t\t\ttext-align: center;\n\t\t\t\twidth: 33%;\n\t\t\t}\n\t\t\t#gallery-1 img {\n\t\t\t\tborder: 2px solid #cfcfcf;\n\t\t\t}\n\t\t\t#gallery-1 .gallery-caption {\n\t\t\t\tmargin-left: 0;\n\t\t\t}\n\t\t\t\/* see gallery_shortcode() in wp-includes\/media.php *\/\n\t\t<\/style>\n\t\t<div id='gallery-1' class='gallery galleryid-92 gallery-columns-3 gallery-size-thumbnail'><dl class='gallery-item'>\n\t\t\t<dt class='gallery-icon landscape'>\n\t\t\t\t<a href='https:\/\/www.of-zwischenwasser.at\/wp-content\/uploads\/2012\/09\/IMG_3464.jpg'><img loading=\"lazy\" decoding=\"async\" width=\"150\" height=\"150\" src=\"https:\/\/www.of-zwischenwasser.at\/wp-content\/uploads\/2012\/09\/IMG_3464-150x150.jpg\" class=\"attachment-thumbnail size-thumbnail\" alt=\"\" \/><\/a>\n\t\t\t<\/dt><\/dl><dl class='gallery-item'>\n\t\t\t<dt class='gallery-icon portrait'>\n\t\t\t\t<a href='https:\/\/www.of-zwischenwasser.at\/wp-content\/uploads\/2012\/09\/IMG_3463.jpg'><img loading=\"lazy\" decoding=\"async\" width=\"150\" height=\"150\" src=\"https:\/\/www.of-zwischenwasser.at\/wp-content\/uploads\/2012\/09\/IMG_3463-150x150.jpg\" class=\"attachment-thumbnail size-thumbnail\" alt=\"\" \/><\/a>\n\t\t\t<\/dt><\/dl><dl class='gallery-item'>\n\t\t\t<dt class='gallery-icon portrait'>\n\t\t\t\t<a href='https:\/\/www.of-zwischenwasser.at\/wp-content\/uploads\/2012\/09\/IMG_3467.jpg'><img loading=\"lazy\" decoding=\"async\" width=\"150\" height=\"150\" src=\"https:\/\/www.of-zwischenwasser.at\/wp-content\/uploads\/2012\/09\/IMG_3467-150x150.jpg\" class=\"attachment-thumbnail size-thumbnail\" alt=\"\" \/><\/a>\n\t\t\t<\/dt><\/dl><br style=\"clear: both\" \/><dl class='gallery-item'>\n\t\t\t<dt class='gallery-icon landscape'>\n\t\t\t\t<a href='https:\/\/www.of-zwischenwasser.at\/wp-content\/uploads\/2012\/09\/IMG_3468.jpg'><img loading=\"lazy\" decoding=\"async\" width=\"150\" height=\"150\" src=\"https:\/\/www.of-zwischenwasser.at\/wp-content\/uploads\/2012\/09\/IMG_3468-150x150.jpg\" class=\"attachment-thumbnail size-thumbnail\" alt=\"\" \/><\/a>\n\t\t\t<\/dt><\/dl><dl class='gallery-item'>\n\t\t\t<dt class='gallery-icon portrait'>\n\t\t\t\t<a href='https:\/\/www.of-zwischenwasser.at\/wp-content\/uploads\/2012\/09\/IMG_3469.jpg'><img loading=\"lazy\" decoding=\"async\" width=\"150\" height=\"150\" src=\"https:\/\/www.of-zwischenwasser.at\/wp-content\/uploads\/2012\/09\/IMG_3469-150x150.jpg\" class=\"attachment-thumbnail size-thumbnail\" alt=\"\" \/><\/a>\n\t\t\t<\/dt><\/dl><dl class='gallery-item'>\n\t\t\t<dt class='gallery-icon portrait'>\n\t\t\t\t<a href='https:\/\/www.of-zwischenwasser.at\/wp-content\/uploads\/2012\/09\/IMG_3470.jpg'><img loading=\"lazy\" decoding=\"async\" width=\"150\" height=\"150\" src=\"https:\/\/www.of-zwischenwasser.at\/wp-content\/uploads\/2012\/09\/IMG_3470-150x150.jpg\" class=\"attachment-thumbnail size-thumbnail\" alt=\"\" \/><\/a>\n\t\t\t<\/dt><\/dl><br style=\"clear: both\" \/><dl class='gallery-item'>\n\t\t\t<dt class='gallery-icon portrait'>\n\t\t\t\t<a href='https:\/\/www.of-zwischenwasser.at\/wp-content\/uploads\/2012\/09\/IMG_3471.jpg'><img loading=\"lazy\" decoding=\"async\" width=\"150\" height=\"150\" src=\"https:\/\/www.of-zwischenwasser.at\/wp-content\/uploads\/2012\/09\/IMG_3471-150x150.jpg\" class=\"attachment-thumbnail size-thumbnail\" alt=\"\" \/><\/a>\n\t\t\t<\/dt><\/dl><dl class='gallery-item'>\n\t\t\t<dt class='gallery-icon landscape'>\n\t\t\t\t<a href='https:\/\/www.of-zwischenwasser.at\/wp-content\/uploads\/2012\/09\/IMG_3472.jpg'><img loading=\"lazy\" decoding=\"async\" width=\"150\" height=\"150\" src=\"https:\/\/www.of-zwischenwasser.at\/wp-content\/uploads\/2012\/09\/IMG_3472-150x150.jpg\" class=\"attachment-thumbnail size-thumbnail\" alt=\"\" \/><\/a>\n\t\t\t<\/dt><\/dl><dl class='gallery-item'>\n\t\t\t<dt class='gallery-icon portrait'>\n\t\t\t\t<a href='https:\/\/www.of-zwischenwasser.at\/wp-content\/uploads\/2012\/09\/IMG_3473.jpg'><img loading=\"lazy\" decoding=\"async\" width=\"150\" height=\"150\" src=\"https:\/\/www.of-zwischenwasser.at\/wp-content\/uploads\/2012\/09\/IMG_3473-150x150.jpg\" class=\"attachment-thumbnail size-thumbnail\" alt=\"\" \/><\/a>\n\t\t\t<\/dt><\/dl><br style=\"clear: both\" \/><dl class='gallery-item'>\n\t\t\t<dt class='gallery-icon portrait'>\n\t\t\t\t<a href='https:\/\/www.of-zwischenwasser.at\/wp-content\/uploads\/2012\/09\/IMG_3474.jpg'><img loading=\"lazy\" decoding=\"async\" width=\"150\" height=\"150\" src=\"https:\/\/www.of-zwischenwasser.at\/wp-content\/uploads\/2012\/09\/IMG_3474-150x150.jpg\" class=\"attachment-thumbnail size-thumbnail\" alt=\"\" \/><\/a>\n\t\t\t<\/dt><\/dl><dl class='gallery-item'>\n\t\t\t<dt class='gallery-icon portrait'>\n\t\t\t\t<a href='https:\/\/www.of-zwischenwasser.at\/wp-content\/uploads\/2012\/09\/IMG_3475.jpg'><img loading=\"lazy\" decoding=\"async\" width=\"150\" height=\"150\" src=\"https:\/\/www.of-zwischenwasser.at\/wp-content\/uploads\/2012\/09\/IMG_3475-150x150.jpg\" class=\"attachment-thumbnail size-thumbnail\" alt=\"\" \/><\/a>\n\t\t\t<\/dt><\/dl><dl class='gallery-item'>\n\t\t\t<dt class='gallery-icon portrait'>\n\t\t\t\t<a href='https:\/\/www.of-zwischenwasser.at\/wp-content\/uploads\/2012\/09\/IMG_3477.jpg'><img loading=\"lazy\" decoding=\"async\" width=\"150\" height=\"150\" src=\"https:\/\/www.of-zwischenwasser.at\/wp-content\/uploads\/2012\/09\/IMG_3477-150x150.jpg\" class=\"attachment-thumbnail size-thumbnail\" alt=\"\" \/><\/a>\n\t\t\t<\/dt><\/dl><br style=\"clear: both\" \/><dl class='gallery-item'>\n\t\t\t<dt class='gallery-icon landscape'>\n\t\t\t\t<a href='https:\/\/www.of-zwischenwasser.at\/wp-content\/uploads\/2012\/09\/IMG_3478.jpg'><img loading=\"lazy\" decoding=\"async\" width=\"150\" height=\"150\" src=\"https:\/\/www.of-zwischenwasser.at\/wp-content\/uploads\/2012\/09\/IMG_3478-150x150.jpg\" class=\"attachment-thumbnail size-thumbnail\" alt=\"\" \/><\/a>\n\t\t\t<\/dt><\/dl><dl class='gallery-item'>\n\t\t\t<dt class='gallery-icon landscape'>\n\t\t\t\t<a href='https:\/\/www.of-zwischenwasser.at\/wp-content\/uploads\/2012\/09\/IMG_3479.jpg'><img loading=\"lazy\" decoding=\"async\" width=\"150\" height=\"150\" src=\"https:\/\/www.of-zwischenwasser.at\/wp-content\/uploads\/2012\/09\/IMG_3479-150x150.jpg\" class=\"attachment-thumbnail size-thumbnail\" alt=\"\" \/><\/a>\n\t\t\t<\/dt><\/dl><dl class='gallery-item'>\n\t\t\t<dt class='gallery-icon portrait'>\n\t\t\t\t<a href='https:\/\/www.of-zwischenwasser.at\/wp-content\/uploads\/2012\/09\/IMG_3480.jpg'><img loading=\"lazy\" decoding=\"async\" width=\"150\" height=\"150\" src=\"https:\/\/www.of-zwischenwasser.at\/wp-content\/uploads\/2012\/09\/IMG_3480-150x150.jpg\" class=\"attachment-thumbnail size-thumbnail\" alt=\"\" \/><\/a>\n\t\t\t<\/dt><\/dl><br style=\"clear: both\" \/><dl class='gallery-item'>\n\t\t\t<dt class='gallery-icon portrait'>\n\t\t\t\t<a href='https:\/\/www.of-zwischenwasser.at\/wp-content\/uploads\/2012\/09\/IMG_3481.jpg'><img loading=\"lazy\" decoding=\"async\" width=\"150\" height=\"150\" src=\"https:\/\/www.of-zwischenwasser.at\/wp-content\/uploads\/2012\/09\/IMG_3481-150x150.jpg\" class=\"attachment-thumbnail size-thumbnail\" alt=\"\" \/><\/a>\n\t\t\t<\/dt><\/dl><dl class='gallery-item'>\n\t\t\t<dt class='gallery-icon portrait'>\n\t\t\t\t<a href='https:\/\/www.of-zwischenwasser.at\/wp-content\/uploads\/2012\/09\/IMG_3482.jpg'><img loading=\"lazy\" decoding=\"async\" width=\"150\" height=\"150\" src=\"https:\/\/www.of-zwischenwasser.at\/wp-content\/uploads\/2012\/09\/IMG_3482-150x150.jpg\" class=\"attachment-thumbnail size-thumbnail\" alt=\"\" \/><\/a>\n\t\t\t<\/dt><\/dl><dl class='gallery-item'>\n\t\t\t<dt class='gallery-icon portrait'>\n\t\t\t\t<a href='https:\/\/www.of-zwischenwasser.at\/wp-content\/uploads\/2012\/09\/IMG_3483.jpg'><img loading=\"lazy\" decoding=\"async\" width=\"150\" height=\"150\" src=\"https:\/\/www.of-zwischenwasser.at\/wp-content\/uploads\/2012\/09\/IMG_3483-150x150.jpg\" class=\"attachment-thumbnail size-thumbnail\" alt=\"\" \/><\/a>\n\t\t\t<\/dt><\/dl><br style=\"clear: both\" \/><dl class='gallery-item'>\n\t\t\t<dt class='gallery-icon portrait'>\n\t\t\t\t<a href='https:\/\/www.of-zwischenwasser.at\/wp-content\/uploads\/2012\/09\/IMG_3485.jpg'><img loading=\"lazy\" decoding=\"async\" width=\"150\" height=\"150\" src=\"https:\/\/www.of-zwischenwasser.at\/wp-content\/uploads\/2012\/09\/IMG_3485-150x150.jpg\" class=\"attachment-thumbnail size-thumbnail\" alt=\"\" \/><\/a>\n\t\t\t<\/dt><\/dl>\n\t\t\t<br style='clear: both' \/>\n\t\t<\/div>\n\n","protected":false},"excerpt":{"rendered":"<p>L\u00f6schfahrzeug mit Bergeausr\u00fcstung und Allradantrieb Standort:\u00a0Ger\u00e4tehaus Muntlix Marke:\u00a0Mercedes Atego 1528 Baujahr:\u00a02003 Aufbau:\u00a0Fa. Marte, Weiler Leistung:\u00a0280 PS Funkrufname:\u00a0Zwischenwasser LFB Ausstattung: Tragkraftspritze TS12, A-Saugschl\u00e4uche Hochleistungsl\u00fcfter 3 Atemschutzger\u00e4te Stromaggregat Lichtmast Rollgliss und Greifzug Rettungsschlitten Hebekissensatz Propanschneidger\u00e4te 2-teilige Schiebeleiter Steckleiterset div. Schanzwerkzeuge (Besen, Schaufeln, &hellip; <a href=\"https:\/\/www.of-zwischenwasser.at\/?page_id=92\">Weiterlesen <span class=\"meta-nav\">&rarr;<\/span><\/a><\/p>\n","protected":false},"author":1,"featured_media":0,"parent":11,"menu_order":4,"comment_status":"closed","ping_status":"closed","template":"","meta":{"footnotes":""},"class_list":["post-92","page","type-page","status-publish","hentry"],"_links":{"self":[{"href":"https:\/\/www.of-zwischenwasser.at\/index.php?rest_route=\/wp\/v2\/pages\/92","targetHints":{"allow":["GET"]}}],"collection":[{"href":"https:\/\/www.of-zwischenwasser.at\/index.php?rest_route=\/wp\/v2\/pages"}],"about":[{"href":"https:\/\/www.of-zwischenwasser.at\/index.php?rest_route=\/wp\/v2\/types\/page"}],"author":[{"embeddable":true,"href":"https:\/\/www.of-zwischenwasser.at\/index.php?rest_route=\/wp\/v2\/users\/1"}],"replies":[{"embeddable":true,"href":"https:\/\/www.of-zwischenwasser.at\/index.php?rest_route=%2Fwp%2Fv2%2Fcomments&post=92"}],"version-history":[{"count":5,"href":"https:\/\/www.of-zwischenwasser.at\/index.php?rest_route=\/wp\/v2\/pages\/92\/revisions"}],"predecessor-version":[{"id":4150,"href":"https:\/\/www.of-zwischenwasser.at\/index.php?rest_route=\/wp\/v2\/pages\/92\/revisions\/4150"}],"up":[{"embeddable":true,"href":"https:\/\/www.of-zwischenwasser.at\/index.php?rest_route=\/wp\/v2\/pages\/11"}],"wp:attachment":[{"href":"https:\/\/www.of-zwischenwasser.at\/index.php?rest_route=%2Fwp%2Fv2%2Fmedia&parent=92"}],"curies":[{"name":"wp","href":"https:\/\/api.w.org\/{rel}","templated":true}]}}